{"id":936,"date":"2024-10-02T00:16:49","date_gmt":"2024-10-02T00:16:49","guid":{"rendered":"https:\/\/fenix-mfg.com\/?page_id=936"},"modified":"2025-08-20T16:59:37","modified_gmt":"2025-08-20T16:59:37","slug":"pcb-manufacturing","status":"publish","type":"page","link":"https:\/\/fenix-mfg.com\/es\/capabilities\/pcb-manufacturing\/","title":{"rendered":"PCB Assembly"},"content":{"rendered":"<div data-elementor-type=\"wp-page\" data-elementor-id=\"936\" class=\"elementor elementor-936\" data-elementor-post-type=\"page\">\n\t\t\t\t\t\t<section class=\"elementor-section elementor-top-section elementor-element elementor-element-6b528761 elementor-section-boxed elementor-section-height-default elementor-section-height-default\" data-id=\"6b528761\" data-element_type=\"section\" data-e-type=\"section\" data-settings=\"{&quot;background_background&quot;:&quot;classic&quot;}\">\n\t\t\t\t\t\t\t<div class=\"elementor-background-overlay\"><\/div>\n\t\t\t\t\t\t\t<div class=\"elementor-container elementor-column-gap-no\">\n\t\t\t\t\t<div class=\"elementor-column elementor-col-50 elementor-top-column elementor-element elementor-element-75de1f64\" data-id=\"75de1f64\" data-element_type=\"column\" data-e-type=\"column\">\n\t\t\t<div class=\"elementor-widget-wrap elementor-element-populated\">\n\t\t\t\t\t\t\t<\/div>\n\t\t<\/div>\n\t\t\t\t<div class=\"elementor-column elementor-col-50 elementor-top-column elementor-element elementor-element-4e8e3fa9 elementor-hidden-tablet elementor-hidden-phone\" data-id=\"4e8e3fa9\" data-element_type=\"column\" data-e-type=\"column\">\n\t\t\t<div class=\"elementor-widget-wrap\">\n\t\t\t\t\t\t\t<\/div>\n\t\t<\/div>\n\t\t\t\t\t<\/div>\n\t\t<\/section>\n\t\t\t\t<section class=\"elementor-section elementor-top-section elementor-element elementor-element-585172e5 elementor-section-boxed elementor-section-height-default elementor-section-height-default\" data-id=\"585172e5\" data-element_type=\"section\" data-e-type=\"section\">\n\t\t\t\t\t\t<div class=\"elementor-container elementor-column-gap-default\">\n\t\t\t\t\t<div class=\"elementor-column elementor-col-50 elementor-top-column elementor-element elementor-element-294199f elementor-invisible\" data-id=\"294199f\" data-element_type=\"column\" data-e-type=\"column\" data-settings=\"{&quot;animation&quot;:&quot;fadeInUp&quot;}\">\n\t\t\t<div class=\"elementor-widget-wrap elementor-element-populated\">\n\t\t\t\t\t\t<div class=\"elementor-element elementor-element-71c71fbc elementor-widget elementor-widget-image\" data-id=\"71c71fbc\" data-element_type=\"widget\" data-e-type=\"widget\" data-widget_type=\"image.default\">\n\t\t\t\t<div class=\"elementor-widget-container\">\n\t\t\t\t\t\t\t\t\t\t\t\t\t\t\t<img fetchpriority=\"high\" decoding=\"async\" width=\"2336\" height=\"2545\" src=\"https:\/\/fenix-mfg.com\/wp-content\/uploads\/2025\/04\/JDR03466-Capa.-PCB-Assa.-Slider-y-pagina-.jpg\" class=\"attachment-full size-full wp-image-3888\" alt=\"F\u00e9nix worker in front of industrial machinery in production plant\" srcset=\"https:\/\/fenix-mfg.com\/wp-content\/uploads\/2025\/04\/JDR03466-Capa.-PCB-Assa.-Slider-y-pagina-.jpg 2336w, https:\/\/fenix-mfg.com\/wp-content\/smush-webp\/2025\/04\/JDR03466-Capa.-PCB-Assa.-Slider-y-pagina--275x300.jpg.webp 275w, https:\/\/fenix-mfg.com\/wp-content\/uploads\/2025\/04\/JDR03466-Capa.-PCB-Assa.-Slider-y-pagina--940x1024.jpg 940w, https:\/\/fenix-mfg.com\/wp-content\/uploads\/2025\/04\/JDR03466-Capa.-PCB-Assa.-Slider-y-pagina--768x837.jpg 768w, https:\/\/fenix-mfg.com\/wp-content\/smush-webp\/2025\/04\/JDR03466-Capa.-PCB-Assa.-Slider-y-pagina--1410x1536.jpg.webp 1410w, https:\/\/fenix-mfg.com\/wp-content\/smush-webp\/2025\/04\/JDR03466-Capa.-PCB-Assa.-Slider-y-pagina--1880x2048.jpg.webp 1880w, https:\/\/fenix-mfg.com\/wp-content\/uploads\/2025\/04\/JDR03466-Capa.-PCB-Assa.-Slider-y-pagina--11x12.jpg 11w\" sizes=\"(max-width: 2336px) 100vw, 2336px\" \/>\t\t\t\t\t\t\t\t\t\t\t\t\t\t\t<\/div>\n\t\t\t\t<\/div>\n\t\t\t\t<div class=\"elementor-element elementor-element-72b39a7c elementor-invisible elementor-widget elementor-widget-heading\" data-id=\"72b39a7c\" data-element_type=\"widget\" data-e-type=\"widget\" data-settings=\"{&quot;_animation&quot;:&quot;fadeInUp&quot;,&quot;_animation_delay&quot;:200}\" data-widget_type=\"heading.default\">\n\t\t\t\t<div class=\"elementor-widget-container\">\n\t\t\t\t\t<h2 class=\"elementor-heading-title elementor-size-default\">PCB assembly<\/h2>\t\t\t\t<\/div>\n\t\t\t\t<\/div>\n\t\t\t\t<div class=\"elementor-element elementor-element-6c5917bb elementor-invisible elementor-widget elementor-widget-text-editor\" data-id=\"6c5917bb\" data-element_type=\"widget\" data-e-type=\"widget\" data-settings=\"{&quot;_animation&quot;:&quot;fadeInUp&quot;,&quot;_animation_delay&quot;:400}\" data-widget_type=\"text-editor.default\">\n\t\t\t\t<div class=\"elementor-widget-container\">\n\t\t\t\t\t\t\t\t\t<p><span style=\"font-weight: 400;\">En Fenix, nuestras capacidades de fabricaci\u00f3n de PCB (placas de circuito impreso) est\u00e1n dise\u00f1adas para satisfacer las demandas de la industria electr\u00f3nica actual, que evoluciona r\u00e1pidamente. Nos especializamos en la producci\u00f3n de PCB de alta calidad que sirven como columna vertebral de los dispositivos electr\u00f3nicos y brindan conexiones confiables y eficientes para una amplia gama de aplicaciones en industrias como las telecomunicaciones, la automotriz, la aeroespacial y la electr\u00f3nica de consumo.<\/span><\/p><p><span style=\"font-weight: 400;\">With advanced manufacturing processes and cutting-edge technology, we can offer customized PCB solutions that include single-sided, double-sided, and multi-layer boards. From prototyping to full-scale production, Fenix ensures precision, durability, and high performance in every board we produce. Our commitment to quality, fast turnaround, and scalability makes us your trusted partner in delivering PCB solutions that power innovation and drive success in your electronic projects.<\/span><\/p>\t\t\t\t\t\t\t\t<\/div>\n\t\t\t\t<\/div>\n\t\t\t\t\t<\/div>\n\t\t<\/div>\n\t\t\t\t<div class=\"elementor-column elementor-col-50 elementor-top-column elementor-element elementor-element-38c9868d\" data-id=\"38c9868d\" data-element_type=\"column\" data-e-type=\"column\">\n\t\t\t<div class=\"elementor-widget-wrap elementor-element-populated\">\n\t\t\t\t\t\t<div class=\"elementor-element elementor-element-f5b31d9 elementor-widget elementor-widget-template\" data-id=\"f5b31d9\" data-element_type=\"widget\" data-e-type=\"widget\" data-widget_type=\"template.default\">\n\t\t\t\t<div class=\"elementor-widget-container\">\n\t\t\t\t\t\t\t<div class=\"elementor-template\">\n\t\t\t\t\t<div data-elementor-type=\"section\" data-elementor-id=\"4531\" class=\"elementor elementor-4531\" data-elementor-post-type=\"elementor_library\">\n\t\t\t<div class=\"elementor-element elementor-element-bd83d5a e-flex e-con-boxed e-con e-parent\" data-id=\"bd83d5a\" data-element_type=\"container\" data-e-type=\"container\">\n\t\t\t\t\t<div class=\"e-con-inner\">\n\t\t\t\t<div class=\"elementor-element elementor-element-85b0b82 elementor-grid-1 elementor-grid-tablet-3 elementor-grid-mobile-1 elementor-posts--thumbnail-top elementor-card-shadow-yes elementor-posts__hover-gradient elementor-widget elementor-widget-posts\" data-id=\"85b0b82\" data-element_type=\"widget\" data-e-type=\"widget\" data-settings=\"{&quot;cards_columns&quot;:&quot;1&quot;,&quot;cards_columns_tablet&quot;:&quot;3&quot;,&quot;cards_columns_mobile&quot;:&quot;1&quot;,&quot;cards_row_gap&quot;:{&quot;unit&quot;:&quot;px&quot;,&quot;size&quot;:35,&quot;sizes&quot;:[]},&quot;cards_row_gap_tablet&quot;:{&quot;unit&quot;:&quot;px&quot;,&quot;size&quot;:&quot;&quot;,&quot;sizes&quot;:[]},&quot;cards_row_gap_mobile&quot;:{&quot;unit&quot;:&quot;px&quot;,&quot;size&quot;:&quot;&quot;,&quot;sizes&quot;:[]}}\" data-widget_type=\"posts.cards\">\n\t\t\t\t<div class=\"elementor-widget-container\">\n\t\t\t\t\t\t\t<div class=\"elementor-posts-container elementor-posts elementor-posts--skin-cards elementor-grid\" role=\"list\">\n\t\t\t\t<article class=\"elementor-post elementor-grid-item post-4442 post type-post status-publish format-standard has-post-thumbnail hentry category-blog tag-advanced-manufacturing-processes tag-automotive-electronics tag-custom-transformers tag-electromagnetic-components tag-fenix-manufacturing tag-fine-wire-winding tag-high-frequency-coils tag-magnet-wire tag-medical-device-manufacturing tag-micro-coils tag-miniaturized-electronics tag-precision-coil-winding\" role=\"listitem\">\n\t\t\t<div class=\"elementor-post__card\">\n\t\t\t\t<a class=\"elementor-post__thumbnail__link\" href=\"https:\/\/fenix-mfg.com\/es\/fine-wire-winding-electronics\/\" tabindex=\"-1\" ><div class=\"elementor-post__thumbnail\"><img decoding=\"async\" width=\"300\" height=\"300\" src=\"https:\/\/fenix-mfg.com\/wp-content\/uploads\/2025\/05\/fine-wire-300x300.jpeg\" class=\"attachment-medium size-medium wp-image-4445\" alt=\"Macro photograph showing an ultra-fine, gleaming copper wire being precisely wound into a tiny, intricate coil on a dark, high-tech electronic component, illustrating miniaturization in advanced manufacturing.\" srcset=\"https:\/\/fenix-mfg.com\/wp-content\/uploads\/2025\/05\/fine-wire-300x300.jpeg 300w, https:\/\/fenix-mfg.com\/wp-content\/uploads\/2025\/05\/fine-wire-1024x1024.jpeg 1024w, https:\/\/fenix-mfg.com\/wp-content\/uploads\/2025\/05\/fine-wire-150x150.jpeg 150w, https:\/\/fenix-mfg.com\/wp-content\/uploads\/2025\/05\/fine-wire-768x768.jpeg 768w, https:\/\/fenix-mfg.com\/wp-content\/uploads\/2025\/05\/fine-wire-1536x1536.jpeg 1536w, https:\/\/fenix-mfg.com\/wp-content\/uploads\/2025\/05\/fine-wire-12x12.jpeg 12w, https:\/\/fenix-mfg.com\/wp-content\/uploads\/2025\/05\/fine-wire.jpeg 2048w\" sizes=\"(max-width: 300px) 100vw, 300px\" \/><\/div><\/a>\n\t\t\t\t<div class=\"elementor-post__badge\">Blog<\/div>\n\t\t\t\t<div class=\"elementor-post__text\">\n\t\t\t\t<h3 class=\"elementor-post__title\">\n\t\t\t<a href=\"https:\/\/fenix-mfg.com\/es\/fine-wire-winding-electronics\/\" >\n\t\t\t\tFine Wire Winding: The Invisible Precision Behind High-Tech Innovation\t\t\t<\/a>\n\t\t<\/h3>\n\t\t\t\t<\/div>\n\t\t\t\t\t<\/div>\n\t\t<\/article>\n\t\t\t\t<article class=\"elementor-post elementor-grid-item post-2757 post type-post status-publish format-standard has-post-thumbnail hentry category-blog\" role=\"listitem\">\n\t\t\t<div class=\"elementor-post__card\">\n\t\t\t\t<a class=\"elementor-post__thumbnail__link\" href=\"https:\/\/fenix-mfg.com\/es\/evs-a-new-playground-for-manufacturers\/\" tabindex=\"-1\" ><div class=\"elementor-post__thumbnail\"><img decoding=\"async\" width=\"300\" height=\"200\" src=\"https:\/\/fenix-mfg.com\/wp-content\/smush-webp\/2024\/10\/standard-quality-control-concept-m-300x200.jpg.webp\" class=\"attachment-medium size-medium wp-image-1351\" alt=\"Concept of standard quality control in manufacturing and production\" srcset=\"https:\/\/fenix-mfg.com\/wp-content\/smush-webp\/2024\/10\/standard-quality-control-concept-m-300x200.jpg.webp 300w, https:\/\/fenix-mfg.com\/wp-content\/smush-webp\/2024\/10\/standard-quality-control-concept-m-1024x684.jpg.webp 1024w, https:\/\/fenix-mfg.com\/wp-content\/uploads\/2024\/10\/standard-quality-control-concept-m-768x513.jpg 768w, https:\/\/fenix-mfg.com\/wp-content\/uploads\/2024\/10\/standard-quality-control-concept-m-1536x1025.jpg 1536w, https:\/\/fenix-mfg.com\/wp-content\/smush-webp\/2024\/10\/standard-quality-control-concept-m-2048x1367.jpg.webp 2048w\" sizes=\"(max-width: 300px) 100vw, 300px\" \/><\/div><\/a>\n\t\t\t\t<div class=\"elementor-post__badge\">Blog<\/div>\n\t\t\t\t<div class=\"elementor-post__text\">\n\t\t\t\t<h3 class=\"elementor-post__title\">\n\t\t\t<a href=\"https:\/\/fenix-mfg.com\/es\/evs-a-new-playground-for-manufacturers\/\" >\n\t\t\t\tEVs: un nuevo patio de recreo para los fabricantes\t\t\t<\/a>\n\t\t<\/h3>\n\t\t\t\t<\/div>\n\t\t\t\t\t<\/div>\n\t\t<\/article>\n\t\t\t\t<article class=\"elementor-post elementor-grid-item post-2743 post type-post status-publish format-standard has-post-thumbnail hentry category-blog\" role=\"listitem\">\n\t\t\t<div class=\"elementor-post__card\">\n\t\t\t\t<a class=\"elementor-post__thumbnail__link\" href=\"https:\/\/fenix-mfg.com\/es\/keys-to-success-in-the-smt-pcba-processes\/\" tabindex=\"-1\" ><div class=\"elementor-post__thumbnail\"><img loading=\"lazy\" decoding=\"async\" width=\"300\" height=\"200\" src=\"https:\/\/fenix-mfg.com\/wp-content\/uploads\/2024\/10\/computer-with-word-l-it-300x200.jpg\" class=\"attachment-medium size-medium wp-image-2232\" alt=\"Computer screen displaying the word &quot;LIT&quot;\" srcset=\"https:\/\/fenix-mfg.com\/wp-content\/uploads\/2024\/10\/computer-with-word-l-it-300x200.jpg 300w, https:\/\/fenix-mfg.com\/wp-content\/smush-webp\/2024\/10\/computer-with-word-l-it-1024x683.jpg.webp 1024w, https:\/\/fenix-mfg.com\/wp-content\/uploads\/2024\/10\/computer-with-word-l-it-768x512.jpg 768w, https:\/\/fenix-mfg.com\/wp-content\/uploads\/2024\/10\/computer-with-word-l-it-1536x1024.jpg 1536w, https:\/\/fenix-mfg.com\/wp-content\/smush-webp\/2024\/10\/computer-with-word-l-it-2048x1365.jpg.webp 2048w\" sizes=\"(max-width: 300px) 100vw, 300px\" \/><\/div><\/a>\n\t\t\t\t<div class=\"elementor-post__badge\">Blog<\/div>\n\t\t\t\t<div class=\"elementor-post__text\">\n\t\t\t\t<h3 class=\"elementor-post__title\">\n\t\t\t<a href=\"https:\/\/fenix-mfg.com\/es\/keys-to-success-in-the-smt-pcba-processes\/\" >\n\t\t\t\tClaves del \u00e9xito en los procesos SMT\/PCBA\t\t\t<\/a>\n\t\t<\/h3>\n\t\t\t\t<\/div>\n\t\t\t\t\t<\/div>\n\t\t<\/article>\n\t\t\t\t<\/div>\n\t\t\n\t\t\t\t\t\t<\/div>\n\t\t\t\t<\/div>\n\t\t\t\t\t<\/div>\n\t\t\t\t<\/div>\n\t\t\t\t<\/div>\n\t\t\t\t<\/div>\n\t\t\t\t\t\t<\/div>\n\t\t\t\t<\/div>\n\t\t\t\t\t<\/div>\n\t\t<\/div>\n\t\t\t\t\t<\/div>\n\t\t<\/section>\n\t\t\t\t<\/div>","protected":false},"excerpt":{"rendered":"<p>PCB assembly At Fenix, our PCB (Printed Circuit Board) manufacturing capabilities are designed to meet the demands of today\u2019s rapidly evolving electronics industry. We specialize<\/p>","protected":false},"author":1,"featured_media":0,"parent":746,"menu_order":0,"comment_status":"closed","ping_status":"closed","template":"elementor_header_footer","meta":{"footnotes":""},"class_list":["post-936","page","type-page","status-publish","hentry"],"yoast_head":"<!-- This site is optimized with the Yoast SEO plugin v27.4 - https:\/\/yoast.com\/product\/yoast-seo-wordpress\/ -->\n<title>PCB Assembly - FENIX<\/title>\n<meta name=\"description\" content=\"PCB assembly from single to multilayer\u2014fast prototypes to scale production with precise builds for telecom, automotive, and consumer electronics.\" \/>\n<meta name=\"robots\" content=\"index, follow, max-snippet:-1, max-image-preview:large, max-video-preview:-1\" \/>\n<link rel=\"canonical\" href=\"https:\/\/fenix-mfg.com\/es\/capabilities\/pcb-manufacturing\/\" \/>\n<meta property=\"og:locale\" content=\"es_ES\" \/>\n<meta property=\"og:type\" content=\"article\" \/>\n<meta property=\"og:title\" content=\"PCB Assembly - FENIX\" \/>\n<meta property=\"og:description\" content=\"PCB assembly from single to multilayer\u2014fast prototypes to scale production with precise builds for telecom, automotive, and consumer electronics.\" \/>\n<meta property=\"og:url\" content=\"https:\/\/fenix-mfg.com\/es\/capabilities\/pcb-manufacturing\/\" \/>\n<meta property=\"og:site_name\" content=\"FENIX\" \/>\n<meta property=\"article:modified_time\" content=\"2025-08-20T16:59:37+00:00\" \/>\n<meta property=\"og:image\" content=\"https:\/\/fenix-mfg.com\/wp-content\/uploads\/2025\/04\/JDR03466-Capa.-PCB-Assa.-Slider-y-pagina-.jpg\" \/>\n<script type=\"application\/ld+json\" class=\"yoast-schema-graph\">{\"@context\":\"https:\\\/\\\/schema.org\",\"@graph\":[{\"@type\":\"WebPage\",\"@id\":\"https:\\\/\\\/fenix-mfg.com\\\/capabilities\\\/pcb-manufacturing\\\/\",\"url\":\"https:\\\/\\\/fenix-mfg.com\\\/capabilities\\\/pcb-manufacturing\\\/\",\"name\":\"PCB Assembly - FENIX\",\"isPartOf\":{\"@id\":\"https:\\\/\\\/fenix-mfg.com\\\/#website\"},\"primaryImageOfPage\":{\"@id\":\"https:\\\/\\\/fenix-mfg.com\\\/capabilities\\\/pcb-manufacturing\\\/#primaryimage\"},\"image\":{\"@id\":\"https:\\\/\\\/fenix-mfg.com\\\/capabilities\\\/pcb-manufacturing\\\/#primaryimage\"},\"thumbnailUrl\":\"https:\\\/\\\/fenix-mfg.com\\\/wp-content\\\/uploads\\\/2025\\\/04\\\/JDR03466-Capa.-PCB-Assa.-Slider-y-pagina-.jpg\",\"datePublished\":\"2024-10-02T00:16:49+00:00\",\"dateModified\":\"2025-08-20T16:59:37+00:00\",\"description\":\"PCB assembly from single to multilayer\u2014fast prototypes to scale production with precise builds for telecom, automotive, and consumer electronics.\",\"breadcrumb\":{\"@id\":\"https:\\\/\\\/fenix-mfg.com\\\/capabilities\\\/pcb-manufacturing\\\/#breadcrumb\"},\"inLanguage\":\"es\",\"potentialAction\":[{\"@type\":\"ReadAction\",\"target\":[\"https:\\\/\\\/fenix-mfg.com\\\/capabilities\\\/pcb-manufacturing\\\/\"]}]},{\"@type\":\"ImageObject\",\"inLanguage\":\"es\",\"@id\":\"https:\\\/\\\/fenix-mfg.com\\\/capabilities\\\/pcb-manufacturing\\\/#primaryimage\",\"url\":\"https:\\\/\\\/fenix-mfg.com\\\/wp-content\\\/uploads\\\/2025\\\/04\\\/JDR03466-Capa.-PCB-Assa.-Slider-y-pagina-.jpg\",\"contentUrl\":\"https:\\\/\\\/fenix-mfg.com\\\/wp-content\\\/uploads\\\/2025\\\/04\\\/JDR03466-Capa.-PCB-Assa.-Slider-y-pagina-.jpg\"},{\"@type\":\"BreadcrumbList\",\"@id\":\"https:\\\/\\\/fenix-mfg.com\\\/capabilities\\\/pcb-manufacturing\\\/#breadcrumb\",\"itemListElement\":[{\"@type\":\"ListItem\",\"position\":1,\"name\":\"Home\",\"item\":\"https:\\\/\\\/fenix-mfg.com\\\/\"},{\"@type\":\"ListItem\",\"position\":2,\"name\":\"Capabilities\",\"item\":\"https:\\\/\\\/fenix-mfg.com\\\/capabilities\\\/\"},{\"@type\":\"ListItem\",\"position\":3,\"name\":\"PCB Assembly\"}]},{\"@type\":\"WebSite\",\"@id\":\"https:\\\/\\\/fenix-mfg.com\\\/#website\",\"url\":\"https:\\\/\\\/fenix-mfg.com\\\/\",\"name\":\"FENIX\",\"description\":\"MANUFACTURING SOLUTIONS\",\"publisher\":{\"@id\":\"https:\\\/\\\/fenix-mfg.com\\\/#organization\"},\"potentialAction\":[{\"@type\":\"SearchAction\",\"target\":{\"@type\":\"EntryPoint\",\"urlTemplate\":\"https:\\\/\\\/fenix-mfg.com\\\/?s={search_term_string}\"},\"query-input\":{\"@type\":\"PropertyValueSpecification\",\"valueRequired\":true,\"valueName\":\"search_term_string\"}}],\"inLanguage\":\"es\"},{\"@type\":\"Organization\",\"@id\":\"https:\\\/\\\/fenix-mfg.com\\\/#organization\",\"name\":\"FENIX\",\"url\":\"https:\\\/\\\/fenix-mfg.com\\\/\",\"logo\":{\"@type\":\"ImageObject\",\"inLanguage\":\"es\",\"@id\":\"https:\\\/\\\/fenix-mfg.com\\\/#\\\/schema\\\/logo\\\/image\\\/\",\"url\":\"https:\\\/\\\/fenix-mfg.com\\\/wp-content\\\/uploads\\\/2024\\\/09\\\/cropped-WhatsApp_Image_2024-09-12_at_17.14.12-removebg-preview-e1726181072385.png\",\"contentUrl\":\"https:\\\/\\\/fenix-mfg.com\\\/wp-content\\\/uploads\\\/2024\\\/09\\\/cropped-WhatsApp_Image_2024-09-12_at_17.14.12-removebg-preview-e1726181072385.png\",\"width\":137,\"height\":124,\"caption\":\"FENIX\"},\"image\":{\"@id\":\"https:\\\/\\\/fenix-mfg.com\\\/#\\\/schema\\\/logo\\\/image\\\/\"}}]}<\/script>\n<!-- \/ Yoast SEO plugin. -->","yoast_head_json":{"title":"PCB Assembly - FENIX","description":"PCB assembly from single to multilayer\u2014fast prototypes to scale production with precise builds for telecom, automotive, and consumer electronics.","robots":{"index":"index","follow":"follow","max-snippet":"max-snippet:-1","max-image-preview":"max-image-preview:large","max-video-preview":"max-video-preview:-1"},"canonical":"https:\/\/fenix-mfg.com\/es\/capabilities\/pcb-manufacturing\/","og_locale":"es_ES","og_type":"article","og_title":"PCB Assembly - FENIX","og_description":"PCB assembly from single to multilayer\u2014fast prototypes to scale production with precise builds for telecom, automotive, and consumer electronics.","og_url":"https:\/\/fenix-mfg.com\/es\/capabilities\/pcb-manufacturing\/","og_site_name":"FENIX","article_modified_time":"2025-08-20T16:59:37+00:00","og_image":[{"url":"https:\/\/fenix-mfg.com\/wp-content\/uploads\/2025\/04\/JDR03466-Capa.-PCB-Assa.-Slider-y-pagina-.jpg","type":"","width":"","height":""}],"schema":{"@context":"https:\/\/schema.org","@graph":[{"@type":"WebPage","@id":"https:\/\/fenix-mfg.com\/capabilities\/pcb-manufacturing\/","url":"https:\/\/fenix-mfg.com\/capabilities\/pcb-manufacturing\/","name":"PCB Assembly - FENIX","isPartOf":{"@id":"https:\/\/fenix-mfg.com\/#website"},"primaryImageOfPage":{"@id":"https:\/\/fenix-mfg.com\/capabilities\/pcb-manufacturing\/#primaryimage"},"image":{"@id":"https:\/\/fenix-mfg.com\/capabilities\/pcb-manufacturing\/#primaryimage"},"thumbnailUrl":"https:\/\/fenix-mfg.com\/wp-content\/uploads\/2025\/04\/JDR03466-Capa.-PCB-Assa.-Slider-y-pagina-.jpg","datePublished":"2024-10-02T00:16:49+00:00","dateModified":"2025-08-20T16:59:37+00:00","description":"PCB assembly from single to multilayer\u2014fast prototypes to scale production with precise builds for telecom, automotive, and consumer electronics.","breadcrumb":{"@id":"https:\/\/fenix-mfg.com\/capabilities\/pcb-manufacturing\/#breadcrumb"},"inLanguage":"es","potentialAction":[{"@type":"ReadAction","target":["https:\/\/fenix-mfg.com\/capabilities\/pcb-manufacturing\/"]}]},{"@type":"ImageObject","inLanguage":"es","@id":"https:\/\/fenix-mfg.com\/capabilities\/pcb-manufacturing\/#primaryimage","url":"https:\/\/fenix-mfg.com\/wp-content\/uploads\/2025\/04\/JDR03466-Capa.-PCB-Assa.-Slider-y-pagina-.jpg","contentUrl":"https:\/\/fenix-mfg.com\/wp-content\/uploads\/2025\/04\/JDR03466-Capa.-PCB-Assa.-Slider-y-pagina-.jpg"},{"@type":"BreadcrumbList","@id":"https:\/\/fenix-mfg.com\/capabilities\/pcb-manufacturing\/#breadcrumb","itemListElement":[{"@type":"ListItem","position":1,"name":"Home","item":"https:\/\/fenix-mfg.com\/"},{"@type":"ListItem","position":2,"name":"Capabilities","item":"https:\/\/fenix-mfg.com\/capabilities\/"},{"@type":"ListItem","position":3,"name":"PCB Assembly"}]},{"@type":"WebSite","@id":"https:\/\/fenix-mfg.com\/#website","url":"https:\/\/fenix-mfg.com\/","name":"FENIX","description":"MANUFACTURING SOLUTIONS","publisher":{"@id":"https:\/\/fenix-mfg.com\/#organization"},"potentialAction":[{"@type":"SearchAction","target":{"@type":"EntryPoint","urlTemplate":"https:\/\/fenix-mfg.com\/?s={search_term_string}"},"query-input":{"@type":"PropertyValueSpecification","valueRequired":true,"valueName":"search_term_string"}}],"inLanguage":"es"},{"@type":"Organization","@id":"https:\/\/fenix-mfg.com\/#organization","name":"FENIX","url":"https:\/\/fenix-mfg.com\/","logo":{"@type":"ImageObject","inLanguage":"es","@id":"https:\/\/fenix-mfg.com\/#\/schema\/logo\/image\/","url":"https:\/\/fenix-mfg.com\/wp-content\/uploads\/2024\/09\/cropped-WhatsApp_Image_2024-09-12_at_17.14.12-removebg-preview-e1726181072385.png","contentUrl":"https:\/\/fenix-mfg.com\/wp-content\/uploads\/2024\/09\/cropped-WhatsApp_Image_2024-09-12_at_17.14.12-removebg-preview-e1726181072385.png","width":137,"height":124,"caption":"FENIX"},"image":{"@id":"https:\/\/fenix-mfg.com\/#\/schema\/logo\/image\/"}}]}},"_links":{"self":[{"href":"https:\/\/fenix-mfg.com\/es\/wp-json\/wp\/v2\/pages\/936","targetHints":{"allow":["GET"]}}],"collection":[{"href":"https:\/\/fenix-mfg.com\/es\/wp-json\/wp\/v2\/pages"}],"about":[{"href":"https:\/\/fenix-mfg.com\/es\/wp-json\/wp\/v2\/types\/page"}],"author":[{"embeddable":true,"href":"https:\/\/fenix-mfg.com\/es\/wp-json\/wp\/v2\/users\/1"}],"replies":[{"embeddable":true,"href":"https:\/\/fenix-mfg.com\/es\/wp-json\/wp\/v2\/comments?post=936"}],"version-history":[{"count":0,"href":"https:\/\/fenix-mfg.com\/es\/wp-json\/wp\/v2\/pages\/936\/revisions"}],"up":[{"embeddable":true,"href":"https:\/\/fenix-mfg.com\/es\/wp-json\/wp\/v2\/pages\/746"}],"wp:attachment":[{"href":"https:\/\/fenix-mfg.com\/es\/wp-json\/wp\/v2\/media?parent=936"}],"curies":[{"name":"wp","href":"https:\/\/api.w.org\/{rel}","templated":true}]}}